{"id":25,"date":"2021-02-21T19:26:19","date_gmt":"2021-02-21T19:26:19","guid":{"rendered":"http:\/\/elzocah.cluster030.hosting.ovh.net\/?page_id=25"},"modified":"2023-11-21T15:19:00","modified_gmt":"2023-11-21T15:19:00","slug":"barra","status":"publish","type":"page","link":"http:\/\/elzocalo.es\/index.php\/barra\/","title":{"rendered":"BARRA"},"content":{"rendered":"\n<div class=\"wp-block-image is-style-default\"><figure class=\"aligncenter size-large\"><img loading=\"lazy\" width=\"1024\" height=\"576\" src=\"http:\/\/elzocalo.es\/wp-content\/uploads\/2021\/03\/corona-min-1024x576.jpg\" alt=\"\" class=\"wp-image-516\" srcset=\"http:\/\/elzocalo.es\/wp-content\/uploads\/2021\/03\/corona-min-1024x576.jpg 1024w, http:\/\/elzocalo.es\/wp-content\/uploads\/2021\/03\/corona-min-300x169.jpg 300w, http:\/\/elzocalo.es\/wp-content\/uploads\/2021\/03\/corona-min-768x432.jpg 768w, http:\/\/elzocalo.es\/wp-content\/uploads\/2021\/03\/corona-min-1536x864.jpg 1536w, http:\/\/elzocalo.es\/wp-content\/uploads\/2021\/03\/corona-min-2048x1152.jpg 2048w, http:\/\/elzocalo.es\/wp-content\/uploads\/2021\/03\/corona-min-1920x1080.jpg 1920w\" sizes=\"(max-width: 1024px) 100vw, 1024px\" \/><\/figure><\/div>\n\n\n\n<p>Disfruta de una cerveza Heineken o Cruz Campo Gran Reserva en grifo, margarita, mojito, pi\u00f1a colada, michelada, chelada o cualquiera de nuestras cervezas mexicanas. Adem\u00e1s podr\u00e1s acompa\u00f1arla con platos de la carta.<\/p>\n\n\n\n<div class=\"wp-block-columns\">\n<div class=\"wp-block-column is-vertically-aligned-center\" style=\"flex-basis:66.66%\">\n<figure class=\"wp-block-image size-large is-resized\"><img loading=\"lazy\" src=\"http:\/\/elzocalo.es\/wp-content\/uploads\/2021\/03\/margarita-barra-768x1024.jpg\" alt=\"\" class=\"wp-image-505\" width=\"327\" height=\"435\" srcset=\"http:\/\/elzocalo.es\/wp-content\/uploads\/2021\/03\/margarita-barra-768x1024.jpg 768w, http:\/\/elzocalo.es\/wp-content\/uploads\/2021\/03\/margarita-barra-225x300.jpg 225w, http:\/\/elzocalo.es\/wp-content\/uploads\/2021\/03\/margarita-barra-1152x1536.jpg 1152w, http:\/\/elzocalo.es\/wp-content\/uploads\/2021\/03\/margarita-barra-1536x2048.jpg 1536w, http:\/\/elzocalo.es\/wp-content\/uploads\/2021\/03\/margarita-barra-640x853.jpg 640w, http:\/\/elzocalo.es\/wp-content\/uploads\/2021\/03\/margarita-barra-scaled.jpg 1920w\" sizes=\"(max-width: 327px) 100vw, 327px\" \/><\/figure>\n<\/div>\n\n\n\n<div class=\"wp-block-column\" style=\"flex-basis:33.33%\">\n<figure class=\"wp-block-video\"><video controls src=\"http:\/\/elzocalo.es\/wp-content\/uploads\/2021\/03\/VID-20190926-WA0006.mp4\"><\/video><\/figure>\n<\/div>\n<\/div>\n","protected":false},"excerpt":{"rendered":"<p>Disfruta de una cerveza Heineken o Cruz Campo Gran Reserva<\/p>\n<p class=\"more-link\"><a href=\"http:\/\/elzocalo.es\/index.php\/barra\/\" class=\"readmore\"><span class=\"screen-reader-text\">BARRA<\/span><\/a><\/p>\n","protected":false},"author":1,"featured_media":0,"parent":0,"menu_order":0,"comment_status":"closed","ping_status":"closed","template":"","meta":[],"_links":{"self":[{"href":"http:\/\/elzocalo.es\/index.php\/wp-json\/wp\/v2\/pages\/25"}],"collection":[{"href":"http:\/\/elzocalo.es\/index.php\/wp-json\/wp\/v2\/pages"}],"about":[{"href":"http:\/\/elzocalo.es\/index.php\/wp-json\/wp\/v2\/types\/page"}],"author":[{"embeddable":true,"href":"http:\/\/elzocalo.es\/index.php\/wp-json\/wp\/v2\/users\/1"}],"replies":[{"embeddable":true,"href":"http:\/\/elzocalo.es\/index.php\/wp-json\/wp\/v2\/comments?post=25"}],"version-history":[{"count":26,"href":"http:\/\/elzocalo.es\/index.php\/wp-json\/wp\/v2\/pages\/25\/revisions"}],"predecessor-version":[{"id":791,"href":"http:\/\/elzocalo.es\/index.php\/wp-json\/wp\/v2\/pages\/25\/revisions\/791"}],"wp:attachment":[{"href":"http:\/\/elzocalo.es\/index.php\/wp-json\/wp\/v2\/media?parent=25"}],"curies":[{"name":"wp","href":"https:\/\/api.w.org\/{rel}","templated":true}]}}